{"id":32,"date":"2025-02-02T16:44:04","date_gmt":"2025-02-02T15:44:04","guid":{"rendered":"https:\/\/www.dodozije.net\/?page_id=32"},"modified":"2026-01-01T18:41:27","modified_gmt":"2026-01-01T17:41:27","slug":"foto","status":"publish","type":"page","link":"https:\/\/www.dodozije.net\/?page_id=32","title":{"rendered":"Foto"},"content":{"rendered":"\n<p>Foto v\u0161eho druhu<\/p>\n\n\n\n<figure class=\"wp-block-image size-large\"><img loading=\"lazy\" decoding=\"async\" width=\"768\" height=\"1024\" src=\"https:\/\/www.dodozije.net\/wp-content\/uploads\/2026\/01\/IMG_20251209_160259-768x1024.jpg\" alt=\"\" class=\"wp-image-63\" srcset=\"https:\/\/www.dodozije.net\/wp-content\/uploads\/2026\/01\/IMG_20251209_160259-768x1024.jpg 768w, https:\/\/www.dodozije.net\/wp-content\/uploads\/2026\/01\/IMG_20251209_160259-225x300.jpg 225w, https:\/\/www.dodozije.net\/wp-content\/uploads\/2026\/01\/IMG_20251209_160259-1152x1536.jpg 1152w, https:\/\/www.dodozije.net\/wp-content\/uploads\/2026\/01\/IMG_20251209_160259-1536x2048.jpg 1536w, https:\/\/www.dodozije.net\/wp-content\/uploads\/2026\/01\/IMG_20251209_160259-scaled.jpg 1920w\" sizes=\"auto, (max-width: 768px) 100vw, 768px\" \/><\/figure>\n\n\n\n<p>Netradi\u010dn\u00ed z\u00e1pad slunce. &#8222;Te\u010f toti\u017e vid\u00edme jako v zrcadle nejasn\u011b, ale potom pozn\u00e1me v tv\u00e1\u0159\u00ed v tv\u00e1\u0159&#8230;&#8220;<\/p>\n\n\n\n<figure class=\"wp-block-image size-large\"><img loading=\"lazy\" decoding=\"async\" width=\"711\" height=\"1024\" src=\"https:\/\/www.dodozije.net\/wp-content\/uploads\/2026\/01\/asi_nas_prejede_valk-711x1024.jpg\" alt=\"\" class=\"wp-image-70\" srcset=\"https:\/\/www.dodozije.net\/wp-content\/uploads\/2026\/01\/asi_nas_prejede_valk-711x1024.jpg 711w, https:\/\/www.dodozije.net\/wp-content\/uploads\/2026\/01\/asi_nas_prejede_valk-208x300.jpg 208w, https:\/\/www.dodozije.net\/wp-content\/uploads\/2026\/01\/asi_nas_prejede_valk-768x1106.jpg 768w, https:\/\/www.dodozije.net\/wp-content\/uploads\/2026\/01\/asi_nas_prejede_valk-1066x1536.jpg 1066w, https:\/\/www.dodozije.net\/wp-content\/uploads\/2026\/01\/asi_nas_prejede_valk-1422x2048.jpg 1422w, https:\/\/www.dodozije.net\/wp-content\/uploads\/2026\/01\/asi_nas_prejede_valk-scaled.jpg 1777w\" sizes=\"auto, (max-width: 711px) 100vw, 711px\" \/><\/figure>\n\n\n\n<p>Asi n\u00e1s p\u0159ejede vlak, na silnici<\/p>\n\n\n\n<figure class=\"wp-block-image size-full\"><img loading=\"lazy\" decoding=\"async\" width=\"9000\" height=\"12000\" src=\"https:\/\/www.dodozije.net\/wp-content\/uploads\/2026\/01\/bolest.jpg\" alt=\"\" class=\"wp-image-71\"\/><\/figure>\n\n\n\n<p>Bolest vst\u00e1v\u00e1n\u00ed. Takhle se asi c\u00edt\u00ed brouk, kter\u00fd vyleze po zimn\u00edm sp\u00e1nku.<\/p>\n\n\n\n<figure class=\"wp-block-image size-large\"><img loading=\"lazy\" decoding=\"async\" width=\"768\" height=\"1024\" src=\"https:\/\/www.dodozije.net\/wp-content\/uploads\/2026\/01\/ceske_more-768x1024.jpg\" alt=\"\" class=\"wp-image-72\" srcset=\"https:\/\/www.dodozije.net\/wp-content\/uploads\/2026\/01\/ceske_more-768x1024.jpg 768w, https:\/\/www.dodozije.net\/wp-content\/uploads\/2026\/01\/ceske_more-225x300.jpg 225w, https:\/\/www.dodozije.net\/wp-content\/uploads\/2026\/01\/ceske_more-1152x1536.jpg 1152w, https:\/\/www.dodozije.net\/wp-content\/uploads\/2026\/01\/ceske_more-1536x2048.jpg 1536w, https:\/\/www.dodozije.net\/wp-content\/uploads\/2026\/01\/ceske_more-scaled.jpg 1920w\" sizes=\"auto, (max-width: 768px) 100vw, 768px\" \/><\/figure>\n\n\n\n<p>Severo\u010desk\u00e9 mo\u0159e<\/p>\n\n\n\n<figure class=\"wp-block-image size-large\"><img loading=\"lazy\" decoding=\"async\" width=\"768\" height=\"1024\" src=\"https:\/\/www.dodozije.net\/wp-content\/uploads\/2026\/01\/divoke_dodo-768x1024.jpg\" alt=\"\" class=\"wp-image-73\" srcset=\"https:\/\/www.dodozije.net\/wp-content\/uploads\/2026\/01\/divoke_dodo-768x1024.jpg 768w, https:\/\/www.dodozije.net\/wp-content\/uploads\/2026\/01\/divoke_dodo-225x300.jpg 225w, https:\/\/www.dodozije.net\/wp-content\/uploads\/2026\/01\/divoke_dodo-1152x1536.jpg 1152w, https:\/\/www.dodozije.net\/wp-content\/uploads\/2026\/01\/divoke_dodo-1536x2048.jpg 1536w, https:\/\/www.dodozije.net\/wp-content\/uploads\/2026\/01\/divoke_dodo-scaled.jpg 1920w\" sizes=\"auto, (max-width: 768px) 100vw, 768px\" \/><\/figure>\n\n\n\n<p>Neklidn\u00e9 Dodo<\/p>\n\n\n\n<figure class=\"wp-block-image size-large\"><img loading=\"lazy\" decoding=\"async\" width=\"768\" height=\"1024\" src=\"https:\/\/www.dodozije.net\/wp-content\/uploads\/2026\/01\/desive_Krusne_hory-768x1024.jpg\" alt=\"\" class=\"wp-image-74\" srcset=\"https:\/\/www.dodozije.net\/wp-content\/uploads\/2026\/01\/desive_Krusne_hory-768x1024.jpg 768w, https:\/\/www.dodozije.net\/wp-content\/uploads\/2026\/01\/desive_Krusne_hory-225x300.jpg 225w, https:\/\/www.dodozije.net\/wp-content\/uploads\/2026\/01\/desive_Krusne_hory-1152x1536.jpg 1152w, https:\/\/www.dodozije.net\/wp-content\/uploads\/2026\/01\/desive_Krusne_hory-1536x2048.jpg 1536w, https:\/\/www.dodozije.net\/wp-content\/uploads\/2026\/01\/desive_Krusne_hory-scaled.jpg 1920w\" sizes=\"auto, (max-width: 768px) 100vw, 768px\" \/><\/figure>\n\n\n\n<p>D\u011bsiv\u00e9 Kru\u0161n\u00e9 hory<\/p>\n\n\n\n<figure class=\"wp-block-image size-large\"><img loading=\"lazy\" decoding=\"async\" width=\"768\" height=\"1024\" src=\"https:\/\/www.dodozije.net\/wp-content\/uploads\/2026\/01\/klidne_Krusne_hory-768x1024.jpg\" alt=\"\" class=\"wp-image-75\" srcset=\"https:\/\/www.dodozije.net\/wp-content\/uploads\/2026\/01\/klidne_Krusne_hory-768x1024.jpg 768w, https:\/\/www.dodozije.net\/wp-content\/uploads\/2026\/01\/klidne_Krusne_hory-225x300.jpg 225w, https:\/\/www.dodozije.net\/wp-content\/uploads\/2026\/01\/klidne_Krusne_hory-1152x1536.jpg 1152w, https:\/\/www.dodozije.net\/wp-content\/uploads\/2026\/01\/klidne_Krusne_hory-1536x2048.jpg 1536w, https:\/\/www.dodozije.net\/wp-content\/uploads\/2026\/01\/klidne_Krusne_hory-scaled.jpg 1920w\" sizes=\"auto, (max-width: 768px) 100vw, 768px\" \/><\/figure>\n\n\n\n<p>Klidn\u00e9 Kru\u0161n\u00e9 hory<\/p>\n\n\n\n<figure class=\"wp-block-image size-large\"><img loading=\"lazy\" decoding=\"async\" width=\"893\" height=\"1024\" src=\"https:\/\/www.dodozije.net\/wp-content\/uploads\/2026\/01\/dodo_vareni-893x1024.jpg\" alt=\"\" class=\"wp-image-76\" srcset=\"https:\/\/www.dodozije.net\/wp-content\/uploads\/2026\/01\/dodo_vareni-893x1024.jpg 893w, https:\/\/www.dodozije.net\/wp-content\/uploads\/2026\/01\/dodo_vareni-262x300.jpg 262w, https:\/\/www.dodozije.net\/wp-content\/uploads\/2026\/01\/dodo_vareni-768x880.jpg 768w, https:\/\/www.dodozije.net\/wp-content\/uploads\/2026\/01\/dodo_vareni.jpg 1080w\" sizes=\"auto, (max-width: 893px) 100vw, 893px\" \/><\/figure>\n\n\n\n<p>Kdy\u017e Dodo va\u0159\u00ed<\/p>\n\n\n\n<figure class=\"wp-block-image size-large\"><img loading=\"lazy\" decoding=\"async\" width=\"567\" height=\"1024\" src=\"https:\/\/www.dodozije.net\/wp-content\/uploads\/2026\/01\/evoluce-567x1024.jpg\" alt=\"\" class=\"wp-image-77\" srcset=\"https:\/\/www.dodozije.net\/wp-content\/uploads\/2026\/01\/evoluce-567x1024.jpg 567w, https:\/\/www.dodozije.net\/wp-content\/uploads\/2026\/01\/evoluce-166x300.jpg 166w, https:\/\/www.dodozije.net\/wp-content\/uploads\/2026\/01\/evoluce-768x1387.jpg 768w, https:\/\/www.dodozije.net\/wp-content\/uploads\/2026\/01\/evoluce-850x1536.jpg 850w, https:\/\/www.dodozije.net\/wp-content\/uploads\/2026\/01\/evoluce.jpg 1080w\" sizes=\"auto, (max-width: 567px) 100vw, 567px\" \/><\/figure>\n\n\n\n<p>Dodo a evoluce<\/p>\n\n\n\n<figure class=\"wp-block-image size-full\"><img loading=\"lazy\" decoding=\"async\" width=\"9000\" height=\"12000\" src=\"https:\/\/www.dodozije.net\/wp-content\/uploads\/2026\/01\/faranouv_had_.jpg\" alt=\"\" class=\"wp-image-78\"\/><\/figure>\n\n\n\n<p>Faraon\u016fv had, kr\u00e1sa! Dodo pyroman.<\/p>\n\n\n\n<figure class=\"wp-block-image size-large\"><img loading=\"lazy\" decoding=\"async\" width=\"768\" height=\"1024\" src=\"https:\/\/www.dodozije.net\/wp-content\/uploads\/2026\/01\/faraonuv_had-768x1024.jpg\" alt=\"\" class=\"wp-image-79\" srcset=\"https:\/\/www.dodozije.net\/wp-content\/uploads\/2026\/01\/faraonuv_had-768x1024.jpg 768w, https:\/\/www.dodozije.net\/wp-content\/uploads\/2026\/01\/faraonuv_had-225x300.jpg 225w, https:\/\/www.dodozije.net\/wp-content\/uploads\/2026\/01\/faraonuv_had-1152x1536.jpg 1152w, https:\/\/www.dodozije.net\/wp-content\/uploads\/2026\/01\/faraonuv_had-1536x2048.jpg 1536w, https:\/\/www.dodozije.net\/wp-content\/uploads\/2026\/01\/faraonuv_had-scaled.jpg 1920w\" sizes=\"auto, (max-width: 768px) 100vw, 768px\" \/><\/figure>\n\n\n\n<p>Faraon\u016fv had, m\u0148am!<\/p>\n\n\n\n<figure class=\"wp-block-image size-large\"><img loading=\"lazy\" decoding=\"async\" width=\"768\" height=\"1024\" src=\"https:\/\/www.dodozije.net\/wp-content\/uploads\/2026\/01\/hustota-768x1024.jpg\" alt=\"\" class=\"wp-image-80\" srcset=\"https:\/\/www.dodozije.net\/wp-content\/uploads\/2026\/01\/hustota-768x1024.jpg 768w, https:\/\/www.dodozije.net\/wp-content\/uploads\/2026\/01\/hustota-225x300.jpg 225w, https:\/\/www.dodozije.net\/wp-content\/uploads\/2026\/01\/hustota-1152x1536.jpg 1152w, https:\/\/www.dodozije.net\/wp-content\/uploads\/2026\/01\/hustota-1536x2048.jpg 1536w, https:\/\/www.dodozije.net\/wp-content\/uploads\/2026\/01\/hustota-scaled.jpg 1920w\" sizes=\"auto, (max-width: 768px) 100vw, 768px\" \/><\/figure>\n\n\n\n<p>Hustota<\/p>\n\n\n\n<figure class=\"wp-block-image size-large\"><img loading=\"lazy\" decoding=\"async\" width=\"768\" height=\"1024\" src=\"https:\/\/www.dodozije.net\/wp-content\/uploads\/2026\/01\/krupice-na-obloze-768x1024.jpg\" alt=\"\" class=\"wp-image-81\" srcset=\"https:\/\/www.dodozije.net\/wp-content\/uploads\/2026\/01\/krupice-na-obloze-768x1024.jpg 768w, https:\/\/www.dodozije.net\/wp-content\/uploads\/2026\/01\/krupice-na-obloze-225x300.jpg 225w, https:\/\/www.dodozije.net\/wp-content\/uploads\/2026\/01\/krupice-na-obloze-1152x1536.jpg 1152w, https:\/\/www.dodozije.net\/wp-content\/uploads\/2026\/01\/krupice-na-obloze-1536x2048.jpg 1536w, https:\/\/www.dodozije.net\/wp-content\/uploads\/2026\/01\/krupice-na-obloze-scaled.jpg 1920w\" sizes=\"auto, (max-width: 768px) 100vw, 768px\" \/><\/figure>\n\n\n\n<p>Krupice na obloze<\/p>\n\n\n\n<figure class=\"wp-block-image size-large\"><img loading=\"lazy\" decoding=\"async\" width=\"768\" height=\"1024\" src=\"https:\/\/www.dodozije.net\/wp-content\/uploads\/2026\/01\/odraz_reality-768x1024.jpg\" alt=\"\" class=\"wp-image-82\" srcset=\"https:\/\/www.dodozije.net\/wp-content\/uploads\/2026\/01\/odraz_reality-768x1024.jpg 768w, https:\/\/www.dodozije.net\/wp-content\/uploads\/2026\/01\/odraz_reality-225x300.jpg 225w, https:\/\/www.dodozije.net\/wp-content\/uploads\/2026\/01\/odraz_reality-1152x1536.jpg 1152w, https:\/\/www.dodozije.net\/wp-content\/uploads\/2026\/01\/odraz_reality-1536x2048.jpg 1536w, https:\/\/www.dodozije.net\/wp-content\/uploads\/2026\/01\/odraz_reality-scaled.jpg 1920w\" sizes=\"auto, (max-width: 768px) 100vw, 768px\" \/><\/figure>\n\n\n\n<p>Odraz reality<\/p>\n\n\n\n<figure class=\"wp-block-image size-full\"><img loading=\"lazy\" decoding=\"async\" width=\"729\" height=\"913\" src=\"https:\/\/www.dodozije.net\/wp-content\/uploads\/2026\/01\/platypus.jpg\" alt=\"\" class=\"wp-image-83\" srcset=\"https:\/\/www.dodozije.net\/wp-content\/uploads\/2026\/01\/platypus.jpg 729w, https:\/\/www.dodozije.net\/wp-content\/uploads\/2026\/01\/platypus-240x300.jpg 240w\" sizes=\"auto, (max-width: 729px) 100vw, 729px\" \/><\/figure>\n\n\n\n<p>Uv\u011bzn\u011bn\u00fd Platypus, nem\u00e1 s*at<\/p>\n\n\n\n<figure class=\"wp-block-image size-full\"><img loading=\"lazy\" decoding=\"async\" width=\"9000\" height=\"12000\" src=\"https:\/\/www.dodozije.net\/wp-content\/uploads\/2026\/01\/podzimni_ropucha.jpg\" alt=\"\" class=\"wp-image-84\"\/><\/figure>\n\n\n\n<p>Ropucha na podzim, velmi neklidn\u00e1<\/p>\n\n\n\n<figure class=\"wp-block-image size-large\"><img loading=\"lazy\" decoding=\"async\" width=\"768\" height=\"1024\" src=\"https:\/\/www.dodozije.net\/wp-content\/uploads\/2026\/01\/ropucha-768x1024.jpg\" alt=\"\" class=\"wp-image-85\" srcset=\"https:\/\/www.dodozije.net\/wp-content\/uploads\/2026\/01\/ropucha-768x1024.jpg 768w, https:\/\/www.dodozije.net\/wp-content\/uploads\/2026\/01\/ropucha-225x300.jpg 225w, https:\/\/www.dodozije.net\/wp-content\/uploads\/2026\/01\/ropucha-1152x1536.jpg 1152w, https:\/\/www.dodozije.net\/wp-content\/uploads\/2026\/01\/ropucha-1536x2048.jpg 1536w, https:\/\/www.dodozije.net\/wp-content\/uploads\/2026\/01\/ropucha-scaled.jpg 1920w\" sizes=\"auto, (max-width: 768px) 100vw, 768px\" \/><\/figure>\n\n\n\n<p>Ropucha v l\u00e9t\u011b, extr\u00e9mn\u011b neklidn\u00e1<\/p>\n\n\n\n<figure class=\"wp-block-image size-large\"><img loading=\"lazy\" decoding=\"async\" width=\"768\" height=\"1024\" src=\"https:\/\/www.dodozije.net\/wp-content\/uploads\/2026\/01\/pohled-z-mhd-768x1024.jpg\" alt=\"\" class=\"wp-image-86\" srcset=\"https:\/\/www.dodozije.net\/wp-content\/uploads\/2026\/01\/pohled-z-mhd-768x1024.jpg 768w, https:\/\/www.dodozije.net\/wp-content\/uploads\/2026\/01\/pohled-z-mhd-225x300.jpg 225w, https:\/\/www.dodozije.net\/wp-content\/uploads\/2026\/01\/pohled-z-mhd-1152x1536.jpg 1152w, https:\/\/www.dodozije.net\/wp-content\/uploads\/2026\/01\/pohled-z-mhd-1536x2048.jpg 1536w, https:\/\/www.dodozije.net\/wp-content\/uploads\/2026\/01\/pohled-z-mhd-scaled.jpg 1920w\" sizes=\"auto, (max-width: 768px) 100vw, 768px\" \/><\/figure>\n\n\n\n<p>Fakt se mi to nezd\u00e1, pohled z MHD<\/p>\n\n\n\n<figure class=\"wp-block-image size-large\"><img loading=\"lazy\" decoding=\"async\" width=\"768\" height=\"1024\" src=\"https:\/\/www.dodozije.net\/wp-content\/uploads\/2026\/01\/portal-768x1024.jpg\" alt=\"\" class=\"wp-image-87\" srcset=\"https:\/\/www.dodozije.net\/wp-content\/uploads\/2026\/01\/portal-768x1024.jpg 768w, https:\/\/www.dodozije.net\/wp-content\/uploads\/2026\/01\/portal-225x300.jpg 225w, https:\/\/www.dodozije.net\/wp-content\/uploads\/2026\/01\/portal-1152x1536.jpg 1152w, https:\/\/www.dodozije.net\/wp-content\/uploads\/2026\/01\/portal-1536x2048.jpg 1536w, https:\/\/www.dodozije.net\/wp-content\/uploads\/2026\/01\/portal-scaled.jpg 1920w\" sizes=\"auto, (max-width: 768px) 100vw, 768px\" \/><\/figure>\n\n\n\n<p>Port\u00e1l, kam?<\/p>\n\n\n\n<figure class=\"wp-block-image size-large\"><img loading=\"lazy\" decoding=\"async\" width=\"768\" height=\"1024\" src=\"https:\/\/www.dodozije.net\/wp-content\/uploads\/2026\/01\/povodnove-zdi-768x1024.jpg\" alt=\"\" class=\"wp-image-88\" srcset=\"https:\/\/www.dodozije.net\/wp-content\/uploads\/2026\/01\/povodnove-zdi-768x1024.jpg 768w, https:\/\/www.dodozije.net\/wp-content\/uploads\/2026\/01\/povodnove-zdi-225x300.jpg 225w, https:\/\/www.dodozije.net\/wp-content\/uploads\/2026\/01\/povodnove-zdi-1152x1536.jpg 1152w, https:\/\/www.dodozije.net\/wp-content\/uploads\/2026\/01\/povodnove-zdi-1536x2048.jpg 1536w, https:\/\/www.dodozije.net\/wp-content\/uploads\/2026\/01\/povodnove-zdi-scaled.jpg 1920w\" sizes=\"auto, (max-width: 768px) 100vw, 768px\" \/><\/figure>\n\n\n\n<p>P\u0159\u00edprava na povodn\u011b, ehm? Nikdy nep\u0159i\u0161ly<\/p>\n\n\n\n<figure class=\"wp-block-image size-large\"><img loading=\"lazy\" decoding=\"async\" width=\"768\" height=\"1024\" src=\"https:\/\/www.dodozije.net\/wp-content\/uploads\/2026\/01\/predpoved_pocasi-768x1024.jpg\" alt=\"\" class=\"wp-image-89\" srcset=\"https:\/\/www.dodozije.net\/wp-content\/uploads\/2026\/01\/predpoved_pocasi-768x1024.jpg 768w, https:\/\/www.dodozije.net\/wp-content\/uploads\/2026\/01\/predpoved_pocasi-225x300.jpg 225w, https:\/\/www.dodozije.net\/wp-content\/uploads\/2026\/01\/predpoved_pocasi-1152x1536.jpg 1152w, https:\/\/www.dodozije.net\/wp-content\/uploads\/2026\/01\/predpoved_pocasi-1536x2048.jpg 1536w, https:\/\/www.dodozije.net\/wp-content\/uploads\/2026\/01\/predpoved_pocasi-scaled.jpg 1920w\" sizes=\"auto, (max-width: 768px) 100vw, 768px\" \/><\/figure>\n\n\n\n<p>P\u0159edpov\u011b\u010f po\u010das\u00ed. Be like: Bude sn\u011b\u017eit, pr\u0161et, padat korupy, nem\u011bjte strach, bude zata\u017eeno. Ale odpoledne vyndejte plavky.<\/p>\n\n\n\n<figure class=\"wp-block-image size-large\"><img loading=\"lazy\" decoding=\"async\" width=\"768\" height=\"1024\" src=\"https:\/\/www.dodozije.net\/wp-content\/uploads\/2026\/01\/ruzova-768x1024.jpg\" alt=\"\" class=\"wp-image-90\" srcset=\"https:\/\/www.dodozije.net\/wp-content\/uploads\/2026\/01\/ruzova-768x1024.jpg 768w, https:\/\/www.dodozije.net\/wp-content\/uploads\/2026\/01\/ruzova-225x300.jpg 225w, https:\/\/www.dodozije.net\/wp-content\/uploads\/2026\/01\/ruzova-1152x1536.jpg 1152w, https:\/\/www.dodozije.net\/wp-content\/uploads\/2026\/01\/ruzova-1536x2048.jpg 1536w, https:\/\/www.dodozije.net\/wp-content\/uploads\/2026\/01\/ruzova-scaled.jpg 1920w\" sizes=\"auto, (max-width: 768px) 100vw, 768px\" \/><\/figure>\n\n\n\n<p>R\u016f\u017eov\u00e9 nen\u00ed nikdy dost. Ehm, nem\u00e1m ji r\u00e1da.<\/p>\n\n\n\n<figure class=\"wp-block-image size-full\"><img loading=\"lazy\" decoding=\"async\" width=\"9000\" height=\"12000\" src=\"https:\/\/www.dodozije.net\/wp-content\/uploads\/2026\/01\/slunecni_soustava.jpg\" alt=\"\" class=\"wp-image-91\"\/><\/figure>\n\n\n\n<p>Konstelace pomeran\u010de<\/p>\n\n\n\n<figure class=\"wp-block-image size-large\"><img loading=\"lazy\" decoding=\"async\" width=\"768\" height=\"1024\" src=\"https:\/\/www.dodozije.net\/wp-content\/uploads\/2026\/01\/stehovani-768x1024.jpg\" alt=\"\" class=\"wp-image-92\" srcset=\"https:\/\/www.dodozije.net\/wp-content\/uploads\/2026\/01\/stehovani-768x1024.jpg 768w, https:\/\/www.dodozije.net\/wp-content\/uploads\/2026\/01\/stehovani-225x300.jpg 225w, https:\/\/www.dodozije.net\/wp-content\/uploads\/2026\/01\/stehovani-1152x1536.jpg 1152w, https:\/\/www.dodozije.net\/wp-content\/uploads\/2026\/01\/stehovani-1536x2048.jpg 1536w, https:\/\/www.dodozije.net\/wp-content\/uploads\/2026\/01\/stehovani-scaled.jpg 1920w\" sizes=\"auto, (max-width: 768px) 100vw, 768px\" \/><\/figure>\n\n\n\n<p>N\u011bkdo vzal rozvod na p\u016fl doslova, p\u016fl domu. P\u016flka je p\u016flka. <\/p>\n\n\n\n<figure class=\"wp-block-image size-large\"><img loading=\"lazy\" decoding=\"async\" width=\"768\" height=\"1024\" src=\"https:\/\/www.dodozije.net\/wp-content\/uploads\/2026\/01\/to-je-vtip-768x1024.jpg\" alt=\"\" class=\"wp-image-93\" srcset=\"https:\/\/www.dodozije.net\/wp-content\/uploads\/2026\/01\/to-je-vtip-768x1024.jpg 768w, https:\/\/www.dodozije.net\/wp-content\/uploads\/2026\/01\/to-je-vtip-225x300.jpg 225w, https:\/\/www.dodozije.net\/wp-content\/uploads\/2026\/01\/to-je-vtip-1152x1536.jpg 1152w, https:\/\/www.dodozije.net\/wp-content\/uploads\/2026\/01\/to-je-vtip-1536x2048.jpg 1536w, https:\/\/www.dodozije.net\/wp-content\/uploads\/2026\/01\/to-je-vtip-scaled.jpg 1920w\" sizes=\"auto, (max-width: 768px) 100vw, 768px\" \/><\/figure>\n\n\n\n<p>P\u0159i \u00faniku lehejte na z\u00e1da a sledujte cedule na strop\u011b. Pot\u00e9 se zvedn\u011bte a pokyny n\u00e1sledujte.<\/p>\n\n\n\n<figure class=\"wp-block-image size-large\"><img loading=\"lazy\" decoding=\"async\" width=\"768\" height=\"1024\" src=\"https:\/\/www.dodozije.net\/wp-content\/uploads\/2026\/01\/tulenokalypsa-768x1024.jpg\" alt=\"\" class=\"wp-image-94\" srcset=\"https:\/\/www.dodozije.net\/wp-content\/uploads\/2026\/01\/tulenokalypsa-768x1024.jpg 768w, https:\/\/www.dodozije.net\/wp-content\/uploads\/2026\/01\/tulenokalypsa-225x300.jpg 225w, https:\/\/www.dodozije.net\/wp-content\/uploads\/2026\/01\/tulenokalypsa-1152x1536.jpg 1152w, https:\/\/www.dodozije.net\/wp-content\/uploads\/2026\/01\/tulenokalypsa-1536x2048.jpg 1536w, https:\/\/www.dodozije.net\/wp-content\/uploads\/2026\/01\/tulenokalypsa-scaled.jpg 1920w\" sizes=\"auto, (max-width: 768px) 100vw, 768px\" \/><\/figure>\n\n\n\n<p>Tule\u0148okalypsa. Ka\u017ed\u00fd autista m\u00e1 svoje interest. A mimochodem: this is my favourite flavoure of autism.<\/p>\n\n\n\n<figure class=\"wp-block-image size-large\"><img loading=\"lazy\" decoding=\"async\" width=\"768\" height=\"1024\" src=\"https:\/\/www.dodozije.net\/wp-content\/uploads\/2026\/01\/tunel-768x1024.jpg\" alt=\"\" class=\"wp-image-95\" srcset=\"https:\/\/www.dodozije.net\/wp-content\/uploads\/2026\/01\/tunel-768x1024.jpg 768w, https:\/\/www.dodozije.net\/wp-content\/uploads\/2026\/01\/tunel-225x300.jpg 225w, https:\/\/www.dodozije.net\/wp-content\/uploads\/2026\/01\/tunel-1152x1536.jpg 1152w, https:\/\/www.dodozije.net\/wp-content\/uploads\/2026\/01\/tunel-1536x2048.jpg 1536w, https:\/\/www.dodozije.net\/wp-content\/uploads\/2026\/01\/tunel-scaled.jpg 1920w\" sizes=\"auto, (max-width: 768px) 100vw, 768px\" \/><\/figure>\n\n\n\n<p>Tunel kamsi&#8230;<\/p>\n\n\n\n<figure class=\"wp-block-image size-large\"><img loading=\"lazy\" decoding=\"async\" width=\"768\" height=\"1024\" src=\"https:\/\/www.dodozije.net\/wp-content\/uploads\/2026\/01\/tunelovy-videni-768x1024.jpg\" alt=\"\" class=\"wp-image-96\" srcset=\"https:\/\/www.dodozije.net\/wp-content\/uploads\/2026\/01\/tunelovy-videni-768x1024.jpg 768w, https:\/\/www.dodozije.net\/wp-content\/uploads\/2026\/01\/tunelovy-videni-225x300.jpg 225w, https:\/\/www.dodozije.net\/wp-content\/uploads\/2026\/01\/tunelovy-videni-1152x1536.jpg 1152w, https:\/\/www.dodozije.net\/wp-content\/uploads\/2026\/01\/tunelovy-videni-1536x2048.jpg 1536w, https:\/\/www.dodozije.net\/wp-content\/uploads\/2026\/01\/tunelovy-videni-scaled.jpg 1920w\" sizes=\"auto, (max-width: 768px) 100vw, 768px\" \/><\/figure>\n\n\n\n<p>Tunelov\u00e9 vid\u011bn\u00ed.<\/p>\n","protected":false},"excerpt":{"rendered":"<p>Foto v\u0161eho druhu Netradi\u010dn\u00ed z\u00e1pad slunce. &#8222;Te\u010f toti\u017e vid\u00edme jako v zrcadle nejasn\u011b, ale potom pozn\u00e1me v tv\u00e1\u0159\u00ed v tv\u00e1\u0159&#8230;&#8220; Asi n\u00e1s p\u0159ejede vlak, na silnici Bolest vst\u00e1v\u00e1n\u00ed. Takhle se asi c\u00edt\u00ed brouk, kter\u00fd vyleze po zimn\u00edm sp\u00e1nku. Severo\u010desk\u00e9 mo\u0159e Neklidn\u00e9 Dodo D\u011bsiv\u00e9 Kru\u0161n\u00e9 hory Klidn\u00e9 Kru\u0161n\u00e9 hory Kdy\u017e Dodo va\u0159\u00ed Dodo a evoluce Faraon\u016fv [&hellip;]<\/p>\n","protected":false},"author":1,"featured_media":0,"parent":0,"menu_order":0,"comment_status":"closed","ping_status":"closed","template":"","meta":{"footnotes":""},"class_list":["post-32","page","type-page","status-publish","hentry"],"_links":{"self":[{"href":"https:\/\/www.dodozije.net\/index.php?rest_route=\/wp\/v2\/pages\/32","targetHints":{"allow":["GET"]}}],"collection":[{"href":"https:\/\/www.dodozije.net\/index.php?rest_route=\/wp\/v2\/pages"}],"about":[{"href":"https:\/\/www.dodozije.net\/index.php?rest_route=\/wp\/v2\/types\/page"}],"author":[{"embeddable":true,"href":"https:\/\/www.dodozije.net\/index.php?rest_route=\/wp\/v2\/users\/1"}],"replies":[{"embeddable":true,"href":"https:\/\/www.dodozije.net\/index.php?rest_route=%2Fwp%2Fv2%2Fcomments&post=32"}],"version-history":[{"count":5,"href":"https:\/\/www.dodozije.net\/index.php?rest_route=\/wp\/v2\/pages\/32\/revisions"}],"predecessor-version":[{"id":98,"href":"https:\/\/www.dodozije.net\/index.php?rest_route=\/wp\/v2\/pages\/32\/revisions\/98"}],"wp:attachment":[{"href":"https:\/\/www.dodozije.net\/index.php?rest_route=%2Fwp%2Fv2%2Fmedia&parent=32"}],"curies":[{"name":"wp","href":"https:\/\/api.w.org\/{rel}","templated":true}]}}