{"id":66,"date":"2026-01-01T18:24:45","date_gmt":"2026-01-01T17:24:45","guid":{"rendered":"https:\/\/www.dodozije.net\/?page_id=66"},"modified":"2026-01-01T19:20:15","modified_gmt":"2026-01-01T18:20:15","slug":"kyca","status":"publish","type":"page","link":"https:\/\/www.dodozije.net\/?page_id=66","title":{"rendered":"K\u00fd\u010da"},"content":{"rendered":"\n<figure class=\"wp-block-image size-large is-resized\"><img loading=\"lazy\" decoding=\"async\" width=\"768\" height=\"1024\" src=\"https:\/\/www.dodozije.net\/wp-content\/uploads\/2026\/01\/Ocista-je-dulezity-ritual-768x1024.jpg\" alt=\"\" class=\"wp-image-107\" style=\"aspect-ratio:0.7500083586880203;width:627px;height:auto\" srcset=\"https:\/\/www.dodozije.net\/wp-content\/uploads\/2026\/01\/Ocista-je-dulezity-ritual-768x1024.jpg 768w, https:\/\/www.dodozije.net\/wp-content\/uploads\/2026\/01\/Ocista-je-dulezity-ritual-225x300.jpg 225w, https:\/\/www.dodozije.net\/wp-content\/uploads\/2026\/01\/Ocista-je-dulezity-ritual-1152x1536.jpg 1152w, https:\/\/www.dodozije.net\/wp-content\/uploads\/2026\/01\/Ocista-je-dulezity-ritual-1536x2048.jpg 1536w, https:\/\/www.dodozije.net\/wp-content\/uploads\/2026\/01\/Ocista-je-dulezity-ritual-scaled.jpg 1920w\" sizes=\"auto, (max-width: 768px) 100vw, 768px\" \/><\/figure>\n\n\n\n<p>Rann\u00ed hygiena.<\/p>\n\n\n\n<figure class=\"wp-block-image size-large is-resized\"><img loading=\"lazy\" decoding=\"async\" width=\"768\" height=\"1024\" src=\"https:\/\/www.dodozije.net\/wp-content\/uploads\/2026\/01\/ocista-ve-slunci-768x1024.jpg\" alt=\"\" class=\"wp-image-109\" style=\"aspect-ratio:0.7500042033054795;width:581px;height:auto\" srcset=\"https:\/\/www.dodozije.net\/wp-content\/uploads\/2026\/01\/ocista-ve-slunci-768x1024.jpg 768w, https:\/\/www.dodozije.net\/wp-content\/uploads\/2026\/01\/ocista-ve-slunci-225x300.jpg 225w, https:\/\/www.dodozije.net\/wp-content\/uploads\/2026\/01\/ocista-ve-slunci-1152x1536.jpg 1152w, https:\/\/www.dodozije.net\/wp-content\/uploads\/2026\/01\/ocista-ve-slunci-1536x2048.jpg 1536w, https:\/\/www.dodozije.net\/wp-content\/uploads\/2026\/01\/ocista-ve-slunci-scaled.jpg 1920w\" sizes=\"auto, (max-width: 768px) 100vw, 768px\" \/><\/figure>\n\n\n\n<p>O\u010distn\u00fd ritu\u00e1l na h\u0159ejiv\u00e9m slun\u00ed\u010dku na m\u011bkou\u010dk\u00e9m podkladu.<\/p>\n\n\n\n<figure class=\"wp-block-image size-large is-resized\"><img loading=\"lazy\" decoding=\"async\" width=\"768\" height=\"1024\" src=\"https:\/\/www.dodozije.net\/wp-content\/uploads\/2026\/01\/pohled-do-duse-768x1024.jpg\" alt=\"\" class=\"wp-image-110\" style=\"aspect-ratio:0.7500083586880203;width:592px;height:auto\" srcset=\"https:\/\/www.dodozije.net\/wp-content\/uploads\/2026\/01\/pohled-do-duse-768x1024.jpg 768w, https:\/\/www.dodozije.net\/wp-content\/uploads\/2026\/01\/pohled-do-duse-225x300.jpg 225w, https:\/\/www.dodozije.net\/wp-content\/uploads\/2026\/01\/pohled-do-duse-1152x1536.jpg 1152w, https:\/\/www.dodozije.net\/wp-content\/uploads\/2026\/01\/pohled-do-duse-1536x2048.jpg 1536w, https:\/\/www.dodozije.net\/wp-content\/uploads\/2026\/01\/pohled-do-duse-scaled.jpg 1920w\" sizes=\"auto, (max-width: 768px) 100vw, 768px\" \/><\/figure>\n\n\n\n<p>Pohled do du\u0161e. D\u00fdchala jsem moc nahlas. (Asi. Nikdo nev\u00ed \u010d\u00edm jsem si to zaslou\u017eila.)<\/p>\n\n\n\n<figure class=\"wp-block-image size-large is-resized\"><img loading=\"lazy\" decoding=\"async\" width=\"1024\" height=\"768\" src=\"https:\/\/www.dodozije.net\/wp-content\/uploads\/2026\/01\/pani-ma-zavesne-lezeni-1024x768.jpg\" alt=\"\" class=\"wp-image-111\" style=\"width:789px;height:auto\" srcset=\"https:\/\/www.dodozije.net\/wp-content\/uploads\/2026\/01\/pani-ma-zavesne-lezeni-1024x768.jpg 1024w, https:\/\/www.dodozije.net\/wp-content\/uploads\/2026\/01\/pani-ma-zavesne-lezeni-300x225.jpg 300w, https:\/\/www.dodozije.net\/wp-content\/uploads\/2026\/01\/pani-ma-zavesne-lezeni-768x576.jpg 768w, https:\/\/www.dodozije.net\/wp-content\/uploads\/2026\/01\/pani-ma-zavesne-lezeni-1536x1152.jpg 1536w, https:\/\/www.dodozije.net\/wp-content\/uploads\/2026\/01\/pani-ma-zavesne-lezeni.jpg 1600w\" sizes=\"auto, (max-width: 1024px) 100vw, 1024px\" \/><\/figure>\n\n\n\n<p>Velmi intenzivn\u00ed pohled.<\/p>\n\n\n\n<figure class=\"wp-block-image size-large is-resized\"><img loading=\"lazy\" decoding=\"async\" width=\"1024\" height=\"768\" src=\"https:\/\/www.dodozije.net\/wp-content\/uploads\/2026\/01\/i-kocky-rady-poslouchaji-1024x768.jpg\" alt=\"\" class=\"wp-image-112\" style=\"width:594px;height:auto\" srcset=\"https:\/\/www.dodozije.net\/wp-content\/uploads\/2026\/01\/i-kocky-rady-poslouchaji-1024x768.jpg 1024w, https:\/\/www.dodozije.net\/wp-content\/uploads\/2026\/01\/i-kocky-rady-poslouchaji-300x225.jpg 300w, https:\/\/www.dodozije.net\/wp-content\/uploads\/2026\/01\/i-kocky-rady-poslouchaji-768x576.jpg 768w, https:\/\/www.dodozije.net\/wp-content\/uploads\/2026\/01\/i-kocky-rady-poslouchaji-1536x1152.jpg 1536w, https:\/\/www.dodozije.net\/wp-content\/uploads\/2026\/01\/i-kocky-rady-poslouchaji-2048x1536.jpg 2048w\" sizes=\"auto, (max-width: 1024px) 100vw, 1024px\" \/><\/figure>\n\n\n\n<p>I ko\u010dky r\u00e1dy poslouchaj\u00ed bohoslu\u017eby.<\/p>\n\n\n\n<figure class=\"wp-block-image size-large is-resized\"><img loading=\"lazy\" decoding=\"async\" width=\"768\" height=\"1024\" src=\"https:\/\/www.dodozije.net\/wp-content\/uploads\/2026\/01\/vasniva-chvile-768x1024.jpg\" alt=\"\" class=\"wp-image-113\" style=\"aspect-ratio:0.7500091840858161;width:567px;height:auto\" srcset=\"https:\/\/www.dodozije.net\/wp-content\/uploads\/2026\/01\/vasniva-chvile-768x1024.jpg 768w, https:\/\/www.dodozije.net\/wp-content\/uploads\/2026\/01\/vasniva-chvile-225x300.jpg 225w, https:\/\/www.dodozije.net\/wp-content\/uploads\/2026\/01\/vasniva-chvile-1152x1536.jpg 1152w, https:\/\/www.dodozije.net\/wp-content\/uploads\/2026\/01\/vasniva-chvile.jpg 1200w\" sizes=\"auto, (max-width: 768px) 100vw, 768px\" \/><\/figure>\n\n\n\n<p>V\u00e1\u0161niv\u00e1 chvilka s obl\u00edbenou hra\u010dkou<\/p>\n\n\n\n<figure class=\"wp-block-image size-large is-resized\"><img loading=\"lazy\" decoding=\"async\" width=\"768\" height=\"1024\" src=\"https:\/\/www.dodozije.net\/wp-content\/uploads\/2026\/01\/pondeli-768x1024.jpg\" alt=\"\" class=\"wp-image-114\" style=\"width:587px;height:auto\" srcset=\"https:\/\/www.dodozije.net\/wp-content\/uploads\/2026\/01\/pondeli-768x1024.jpg 768w, https:\/\/www.dodozije.net\/wp-content\/uploads\/2026\/01\/pondeli-225x300.jpg 225w, https:\/\/www.dodozije.net\/wp-content\/uploads\/2026\/01\/pondeli-1152x1536.jpg 1152w, https:\/\/www.dodozije.net\/wp-content\/uploads\/2026\/01\/pondeli-1536x2048.jpg 1536w, https:\/\/www.dodozije.net\/wp-content\/uploads\/2026\/01\/pondeli-scaled.jpg 1920w\" sizes=\"auto, (max-width: 768px) 100vw, 768px\" \/><\/figure>\n\n\n\n<p>Vy jste m\u011b doma nechali samotnou ( \u0161lo se nakoupit), bez j\u00eddla ( m\u011bla plnou misti\u010dku, ale odm\u00edtlo se j\u00ed d\u00e1t pamlsky), bez pit\u00ed ( zak\u00e1zalo se j\u00ed p\u00edt hork\u00e9 kafe).<\/p>\n\n\n\n<figure class=\"wp-block-image size-large is-resized\"><img loading=\"lazy\" decoding=\"async\" width=\"768\" height=\"1024\" src=\"https:\/\/www.dodozije.net\/wp-content\/uploads\/2026\/01\/tepelny-komfort-768x1024.jpg\" alt=\"\" class=\"wp-image-115\" style=\"aspect-ratio:0.7500085042691431;width:619px;height:auto\" srcset=\"https:\/\/www.dodozije.net\/wp-content\/uploads\/2026\/01\/tepelny-komfort-768x1024.jpg 768w, https:\/\/www.dodozije.net\/wp-content\/uploads\/2026\/01\/tepelny-komfort-225x300.jpg 225w, https:\/\/www.dodozije.net\/wp-content\/uploads\/2026\/01\/tepelny-komfort-1152x1536.jpg 1152w, https:\/\/www.dodozije.net\/wp-content\/uploads\/2026\/01\/tepelny-komfort-1536x2048.jpg 1536w, https:\/\/www.dodozije.net\/wp-content\/uploads\/2026\/01\/tepelny-komfort-scaled.jpg 1920w\" sizes=\"auto, (max-width: 768px) 100vw, 768px\" \/><\/figure>\n\n\n\n<p>Tepeln\u00fd komfort zaji\u0161t\u011bn.<\/p>\n\n\n\n<p><\/p>\n","protected":false},"excerpt":{"rendered":"<p>Rann\u00ed hygiena. O\u010distn\u00fd ritu\u00e1l na h\u0159ejiv\u00e9m slun\u00ed\u010dku na m\u011bkou\u010dk\u00e9m podkladu. Pohled do du\u0161e. D\u00fdchala jsem moc nahlas. (Asi. Nikdo nev\u00ed \u010d\u00edm jsem si to zaslou\u017eila.) Velmi intenzivn\u00ed pohled. I ko\u010dky r\u00e1dy poslouchaj\u00ed bohoslu\u017eby. V\u00e1\u0161niv\u00e1 chvilka s obl\u00edbenou hra\u010dkou Vy jste m\u011b doma nechali samotnou ( \u0161lo se nakoupit), bez j\u00eddla ( m\u011bla plnou misti\u010dku, ale [&hellip;]<\/p>\n","protected":false},"author":1,"featured_media":0,"parent":0,"menu_order":0,"comment_status":"closed","ping_status":"closed","template":"","meta":{"footnotes":""},"class_list":["post-66","page","type-page","status-publish","hentry"],"_links":{"self":[{"href":"https:\/\/www.dodozije.net\/index.php?rest_route=\/wp\/v2\/pages\/66","targetHints":{"allow":["GET"]}}],"collection":[{"href":"https:\/\/www.dodozije.net\/index.php?rest_route=\/wp\/v2\/pages"}],"about":[{"href":"https:\/\/www.dodozije.net\/index.php?rest_route=\/wp\/v2\/types\/page"}],"author":[{"embeddable":true,"href":"https:\/\/www.dodozije.net\/index.php?rest_route=\/wp\/v2\/users\/1"}],"replies":[{"embeddable":true,"href":"https:\/\/www.dodozije.net\/index.php?rest_route=%2Fwp%2Fv2%2Fcomments&post=66"}],"version-history":[{"count":2,"href":"https:\/\/www.dodozije.net\/index.php?rest_route=\/wp\/v2\/pages\/66\/revisions"}],"predecessor-version":[{"id":116,"href":"https:\/\/www.dodozije.net\/index.php?rest_route=\/wp\/v2\/pages\/66\/revisions\/116"}],"wp:attachment":[{"href":"https:\/\/www.dodozije.net\/index.php?rest_route=%2Fwp%2Fv2%2Fmedia&parent=66"}],"curies":[{"name":"wp","href":"https:\/\/api.w.org\/{rel}","templated":true}]}}