{"id":68,"date":"2026-01-01T18:25:45","date_gmt":"2026-01-01T17:25:45","guid":{"rendered":"https:\/\/www.dodozije.net\/?page_id=68"},"modified":"2026-01-01T19:04:10","modified_gmt":"2026-01-01T18:04:10","slug":"kamily","status":"publish","type":"page","link":"https:\/\/www.dodozije.net\/?page_id=68","title":{"rendered":"Kamily"},"content":{"rendered":"\n<figure class=\"wp-block-image size-large\"><img loading=\"lazy\" decoding=\"async\" width=\"768\" height=\"1024\" src=\"https:\/\/www.dodozije.net\/wp-content\/uploads\/2026\/01\/pritelkyne_Kamily-768x1024.jpg\" alt=\"\" class=\"wp-image-99\" srcset=\"https:\/\/www.dodozije.net\/wp-content\/uploads\/2026\/01\/pritelkyne_Kamily-768x1024.jpg 768w, https:\/\/www.dodozije.net\/wp-content\/uploads\/2026\/01\/pritelkyne_Kamily-225x300.jpg 225w, https:\/\/www.dodozije.net\/wp-content\/uploads\/2026\/01\/pritelkyne_Kamily-1152x1536.jpg 1152w, https:\/\/www.dodozije.net\/wp-content\/uploads\/2026\/01\/pritelkyne_Kamily-1536x2048.jpg 1536w, https:\/\/www.dodozije.net\/wp-content\/uploads\/2026\/01\/pritelkyne_Kamily-scaled.jpg 1920w\" sizes=\"auto, (max-width: 768px) 100vw, 768px\" \/><\/figure>\n\n\n\n<p>Drah\u00e9 mra\u017een\u00e9 p\u0159\u00edtelkyn\u011b.<\/p>\n\n\n\n<figure class=\"wp-block-image size-large is-resized\"><img loading=\"lazy\" decoding=\"async\" width=\"768\" height=\"1024\" src=\"https:\/\/www.dodozije.net\/wp-content\/uploads\/2026\/01\/kamila_mlha-768x1024.jpg\" alt=\"\" class=\"wp-image-102\" style=\"aspect-ratio:0.7500081835739304;width:604px;height:auto\" srcset=\"https:\/\/www.dodozije.net\/wp-content\/uploads\/2026\/01\/kamila_mlha-768x1024.jpg 768w, https:\/\/www.dodozije.net\/wp-content\/uploads\/2026\/01\/kamila_mlha-225x300.jpg 225w, https:\/\/www.dodozije.net\/wp-content\/uploads\/2026\/01\/kamila_mlha-1152x1536.jpg 1152w, https:\/\/www.dodozije.net\/wp-content\/uploads\/2026\/01\/kamila_mlha-1536x2048.jpg 1536w, https:\/\/www.dodozije.net\/wp-content\/uploads\/2026\/01\/kamila_mlha-scaled.jpg 1920w\" sizes=\"auto, (max-width: 768px) 100vw, 768px\" \/><\/figure>\n\n\n\n<p>Na\u0161tvan\u00e1 Kamila, kter\u00e1 se zhmotnila z hust\u00e9 mlhy.<\/p>\n\n\n\n<figure class=\"wp-block-image size-large is-resized\"><img loading=\"lazy\" decoding=\"async\" width=\"768\" height=\"1024\" src=\"https:\/\/www.dodozije.net\/wp-content\/uploads\/2026\/01\/ctizadostiva_kamila-768x1024.jpg\" alt=\"\" class=\"wp-image-104\" style=\"aspect-ratio:0.7500087716220484;width:517px;height:auto\" srcset=\"https:\/\/www.dodozije.net\/wp-content\/uploads\/2026\/01\/ctizadostiva_kamila-768x1024.jpg 768w, https:\/\/www.dodozije.net\/wp-content\/uploads\/2026\/01\/ctizadostiva_kamila-225x300.jpg 225w, https:\/\/www.dodozije.net\/wp-content\/uploads\/2026\/01\/ctizadostiva_kamila-1152x1536.jpg 1152w, https:\/\/www.dodozije.net\/wp-content\/uploads\/2026\/01\/ctizadostiva_kamila-1536x2048.jpg 1536w, https:\/\/www.dodozije.net\/wp-content\/uploads\/2026\/01\/ctizadostiva_kamila-scaled.jpg 1920w\" sizes=\"auto, (max-width: 768px) 100vw, 768px\" \/><\/figure>\n\n\n\n<p>Cti\u017e\u00e1dostiv\u00e1 Kamila, o\u010dek\u00e1vaj\u00edc\u00ed rohl\u00edk a chleba nal\u00e1man\u00fd na spr\u00e1vn\u011b velk\u00e9 kous\u00ed\u010dky.<\/p>\n\n\n\n<figure class=\"wp-block-image size-large is-resized\"><img loading=\"lazy\" decoding=\"async\" width=\"1024\" height=\"768\" src=\"https:\/\/www.dodozije.net\/wp-content\/uploads\/2026\/01\/bojova-kamila-1024x768.jpg\" alt=\"\" class=\"wp-image-105\" style=\"width:801px;height:auto\" srcset=\"https:\/\/www.dodozije.net\/wp-content\/uploads\/2026\/01\/bojova-kamila-1024x768.jpg 1024w, https:\/\/www.dodozije.net\/wp-content\/uploads\/2026\/01\/bojova-kamila-300x225.jpg 300w, https:\/\/www.dodozije.net\/wp-content\/uploads\/2026\/01\/bojova-kamila-768x576.jpg 768w, https:\/\/www.dodozije.net\/wp-content\/uploads\/2026\/01\/bojova-kamila-1536x1152.jpg 1536w, https:\/\/www.dodozije.net\/wp-content\/uploads\/2026\/01\/bojova-kamila-2048x1536.jpg 2048w\" sizes=\"auto, (max-width: 1024px) 100vw, 1024px\" \/><\/figure>\n\n\n\n<p>Kamila v \u00fato\u010dn\u00e9m m\u00f3du. Jako kroksy maj\u00ed sport mode, Kamily maj\u00ed TURBO QUATRO FOR QUATRO TURBO-TERMINATORES MOTORE m\u00f3d.<\/p>\n\n\n\n<p><\/p>\n","protected":false},"excerpt":{"rendered":"<p>Drah\u00e9 mra\u017een\u00e9 p\u0159\u00edtelkyn\u011b. Na\u0161tvan\u00e1 Kamila, kter\u00e1 se zhmotnila z hust\u00e9 mlhy. Cti\u017e\u00e1dostiv\u00e1 Kamila, o\u010dek\u00e1vaj\u00edc\u00ed rohl\u00edk a chleba nal\u00e1man\u00fd na spr\u00e1vn\u011b velk\u00e9 kous\u00ed\u010dky. Kamila v \u00fato\u010dn\u00e9m m\u00f3du. Jako kroksy maj\u00ed sport mode, Kamily maj\u00ed TURBO QUATRO FOR QUATRO TURBO-TERMINATORES MOTORE m\u00f3d.<\/p>\n","protected":false},"author":1,"featured_media":0,"parent":0,"menu_order":0,"comment_status":"closed","ping_status":"closed","template":"","meta":{"footnotes":""},"class_list":["post-68","page","type-page","status-publish","hentry"],"_links":{"self":[{"href":"https:\/\/www.dodozije.net\/index.php?rest_route=\/wp\/v2\/pages\/68","targetHints":{"allow":["GET"]}}],"collection":[{"href":"https:\/\/www.dodozije.net\/index.php?rest_route=\/wp\/v2\/pages"}],"about":[{"href":"https:\/\/www.dodozije.net\/index.php?rest_route=\/wp\/v2\/types\/page"}],"author":[{"embeddable":true,"href":"https:\/\/www.dodozije.net\/index.php?rest_route=\/wp\/v2\/users\/1"}],"replies":[{"embeddable":true,"href":"https:\/\/www.dodozije.net\/index.php?rest_route=%2Fwp%2Fv2%2Fcomments&post=68"}],"version-history":[{"count":2,"href":"https:\/\/www.dodozije.net\/index.php?rest_route=\/wp\/v2\/pages\/68\/revisions"}],"predecessor-version":[{"id":106,"href":"https:\/\/www.dodozije.net\/index.php?rest_route=\/wp\/v2\/pages\/68\/revisions\/106"}],"wp:attachment":[{"href":"https:\/\/www.dodozije.net\/index.php?rest_route=%2Fwp%2Fv2%2Fmedia&parent=68"}],"curies":[{"name":"wp","href":"https:\/\/api.w.org\/{rel}","templated":true}]}}